{"id":666,"date":"2022-07-13T09:46:28","date_gmt":"2022-07-13T07:46:28","guid":{"rendered":"http:\/\/www.trail-de-la-biche.fr\/?page_id=666"},"modified":"2025-07-10T15:38:38","modified_gmt":"2025-07-10T13:38:38","slug":"resultats-2024","status":"publish","type":"page","link":"https:\/\/www.trail-de-la-biche.fr\/?page_id=666","title":{"rendered":"R\u00e9sultats"},"content":{"rendered":"\t\t<div data-elementor-type=\"wp-page\" data-elementor-id=\"666\" class=\"elementor elementor-666\">\n\t\t\t\t\t\t<section class=\"elementor-section elementor-top-section elementor-element elementor-element-9838401 elementor-section-boxed elementor-section-height-default elementor-section-height-default\" data-id=\"9838401\" data-element_type=\"section\">\n\t\t\t\t\t\t<div class=\"elementor-container elementor-column-gap-default\">\n\t\t\t\t\t<div class=\"elementor-column elementor-col-100 elementor-top-column elementor-element elementor-element-1865f82\" data-id=\"1865f82\" data-element_type=\"column\">\n\t\t\t<div class=\"elementor-widget-wrap elementor-element-populated\">\n\t\t\t\t\t\t<div class=\"elementor-element elementor-element-01e14b0 elementor-widget elementor-widget-text-editor\" data-id=\"01e14b0\" data-element_type=\"widget\" data-widget_type=\"text-editor.default\">\n\t\t\t\t<div class=\"elementor-widget-container\">\n\t\t\t\t\t\t\t\t\t<p style=\"text-align: center;\"><span style=\"color: #000000;\">Retrouvez les classements du 26 km et du 12 km en cliquant sur ce lien :<\/span><\/p>\t\t\t\t\t\t\t\t<\/div>\n\t\t\t\t<\/div>\n\t\t\t\t<div class=\"elementor-element elementor-element-60eca0f elementor-align-center elementor-widget elementor-widget-button\" data-id=\"60eca0f\" data-element_type=\"widget\" data-widget_type=\"button.default\">\n\t\t\t\t<div class=\"elementor-widget-container\">\n\t\t\t\t\t\t\t\t\t<div class=\"elementor-button-wrapper\">\n\t\t\t\t\t<a class=\"elementor-button elementor-button-link elementor-size-sm\" href=\"https:\/\/live.l-chrono.com\/resultats\/trail-de-la-biche-2025\">\n\t\t\t\t\t\t<span class=\"elementor-button-content-wrapper\">\n\t\t\t\t\t\t\t\t\t<span class=\"elementor-button-text\">Classement 2025<\/span>\n\t\t\t\t\t<\/span>\n\t\t\t\t\t<\/a>\n\t\t\t\t<\/div>\n\t\t\t\t\t\t\t\t<\/div>\n\t\t\t\t<\/div>\n\t\t\t\t\t<\/div>\n\t\t<\/div>\n\t\t\t\t\t<\/div>\n\t\t<\/section>\n\t\t\t\t<section class=\"elementor-section elementor-top-section elementor-element elementor-element-488d1de elementor-section-boxed elementor-section-height-default elementor-section-height-default\" data-id=\"488d1de\" data-element_type=\"section\">\n\t\t\t\t\t\t<div class=\"elementor-container elementor-column-gap-default\">\n\t\t\t\t\t<div class=\"elementor-column elementor-col-100 elementor-top-column elementor-element elementor-element-bd40906\" data-id=\"bd40906\" data-element_type=\"column\">\n\t\t\t<div class=\"elementor-widget-wrap elementor-element-populated\">\n\t\t\t\t\t\t<div class=\"elementor-element elementor-element-2487384 elementor-align-center elementor-widget elementor-widget-button\" data-id=\"2487384\" data-element_type=\"widget\" data-widget_type=\"button.default\">\n\t\t\t\t<div class=\"elementor-widget-container\">\n\t\t\t\t\t\t\t\t\t<div class=\"elementor-button-wrapper\">\n\t\t\t\t\t<a class=\"elementor-button elementor-button-link elementor-size-sm\" href=\"https:\/\/www.l-chrono.com\/resultats-trail-de-la-biche-2024\/\">\n\t\t\t\t\t\t<span class=\"elementor-button-content-wrapper\">\n\t\t\t\t\t\t\t\t\t<span class=\"elementor-button-text\">Classement 2024<\/span>\n\t\t\t\t\t<\/span>\n\t\t\t\t\t<\/a>\n\t\t\t\t<\/div>\n\t\t\t\t\t\t\t\t<\/div>\n\t\t\t\t<\/div>\n\t\t\t\t\t<\/div>\n\t\t<\/div>\n\t\t\t\t\t<\/div>\n\t\t<\/section>\n\t\t\t\t<section class=\"elementor-section elementor-top-section elementor-element elementor-element-f811a49 elementor-section-boxed elementor-section-height-default elementor-section-height-default\" data-id=\"f811a49\" data-element_type=\"section\">\n\t\t\t\t\t\t<div class=\"elementor-container elementor-column-gap-default\">\n\t\t\t\t\t<div class=\"elementor-column elementor-col-100 elementor-top-column elementor-element elementor-element-fcaeaaa\" data-id=\"fcaeaaa\" data-element_type=\"column\">\n\t\t\t<div class=\"elementor-widget-wrap elementor-element-populated\">\n\t\t\t\t\t\t<div class=\"elementor-element elementor-element-6236570 elementor-button-success elementor-align-center elementor-widget elementor-widget-button\" data-id=\"6236570\" data-element_type=\"widget\" data-widget_type=\"button.default\">\n\t\t\t\t<div class=\"elementor-widget-container\">\n\t\t\t\t\t\t\t\t\t<div class=\"elementor-button-wrapper\">\n\t\t\t\t\t<a class=\"elementor-button elementor-button-link elementor-size-sm\" href=\"https:\/\/live.l-chrono.com\/resultats\/trail-de-la-biche-2023\" id=\"Classement 2023\">\n\t\t\t\t\t\t<span class=\"elementor-button-content-wrapper\">\n\t\t\t\t\t\t\t\t\t<span class=\"elementor-button-text\">Classement 2023<\/span>\n\t\t\t\t\t<\/span>\n\t\t\t\t\t<\/a>\n\t\t\t\t<\/div>\n\t\t\t\t\t\t\t\t<\/div>\n\t\t\t\t<\/div>\n\t\t\t\t\t<\/div>\n\t\t<\/div>\n\t\t\t\t\t<\/div>\n\t\t<\/section>\n\t\t\t\t<section class=\"elementor-section elementor-top-section elementor-element elementor-element-bfbc4d6 elementor-section-boxed elementor-section-height-default elementor-section-height-default\" data-id=\"bfbc4d6\" data-element_type=\"section\">\n\t\t\t\t\t\t<div class=\"elementor-container elementor-column-gap-default\">\n\t\t\t\t\t<div class=\"elementor-column elementor-col-100 elementor-top-column elementor-element elementor-element-837593b\" data-id=\"837593b\" data-element_type=\"column\">\n\t\t\t<div class=\"elementor-widget-wrap elementor-element-populated\">\n\t\t\t\t\t\t<div class=\"elementor-element elementor-element-e4b2a78 elementor-align-center elementor-widget elementor-widget-button\" data-id=\"e4b2a78\" data-element_type=\"widget\" data-widget_type=\"button.default\">\n\t\t\t\t<div class=\"elementor-widget-container\">\n\t\t\t\t\t\t\t\t\t<div class=\"elementor-button-wrapper\">\n\t\t\t\t\t<a class=\"elementor-button elementor-button-link elementor-size-sm\" href=\"#\">\n\t\t\t\t\t\t<span class=\"elementor-button-content-wrapper\">\n\t\t\t\t\t\t\t\t\t<span class=\"elementor-button-text\">Classement 2022<\/span>\n\t\t\t\t\t<\/span>\n\t\t\t\t\t<\/a>\n\t\t\t\t<\/div>\n\t\t\t\t\t\t\t\t<\/div>\n\t\t\t\t<\/div>\n\t\t\t\t<div class=\"elementor-element elementor-element-5c890f0 elementor-widget-divider--view-line elementor-widget elementor-widget-divider\" data-id=\"5c890f0\" data-element_type=\"widget\" data-widget_type=\"divider.default\">\n\t\t\t\t<div class=\"elementor-widget-container\">\n\t\t\t\t\t\t\t<div class=\"elementor-divider\">\n\t\t\t<span class=\"elementor-divider-separator\">\n\t\t\t\t\t\t<\/span>\n\t\t<\/div>\n\t\t\t\t\t\t<\/div>\n\t\t\t\t<\/div>\n\t\t\t\t<div class=\"elementor-element elementor-element-53d23a6 elementor-arrows-position-inside elementor-pagination-position-outside elementor-widget elementor-widget-image-carousel\" data-id=\"53d23a6\" data-element_type=\"widget\" data-settings=\"{&quot;slides_to_show&quot;:&quot;2&quot;,&quot;image_spacing_custom&quot;:{&quot;unit&quot;:&quot;px&quot;,&quot;size&quot;:49,&quot;sizes&quot;:[]},&quot;navigation&quot;:&quot;both&quot;,&quot;autoplay&quot;:&quot;yes&quot;,&quot;pause_on_hover&quot;:&quot;yes&quot;,&quot;pause_on_interaction&quot;:&quot;yes&quot;,&quot;autoplay_speed&quot;:5000,&quot;infinite&quot;:&quot;yes&quot;,&quot;speed&quot;:500,&quot;image_spacing_custom_tablet&quot;:{&quot;unit&quot;:&quot;px&quot;,&quot;size&quot;:&quot;&quot;,&quot;sizes&quot;:[]},&quot;image_spacing_custom_mobile&quot;:{&quot;unit&quot;:&quot;px&quot;,&quot;size&quot;:&quot;&quot;,&quot;sizes&quot;:[]}}\" data-widget_type=\"image-carousel.default\">\n\t\t\t\t<div class=\"elementor-widget-container\">\n\t\t\t\t\t\t\t<div class=\"elementor-image-carousel-wrapper swiper\" role=\"region\" aria-roledescription=\"carousel\" aria-label=\"Carrousel d\u2019images\" dir=\"ltr\">\n\t\t\t<div class=\"elementor-image-carousel swiper-wrapper\" aria-live=\"off\">\n\t\t\t\t\t\t\t\t<div class=\"swiper-slide\" role=\"group\" aria-roledescription=\"slide\" aria-label=\"1 sur 6\"><figure class=\"swiper-slide-inner\"><img decoding=\"async\" class=\"swiper-slide-image\" src=\"https:\/\/www.trail-de-la-biche.fr\/wp-content\/uploads\/2022\/07\/IMG_7629-2048x1536.jpg\" alt=\"IMG_7629\" \/><\/figure><\/div><div class=\"swiper-slide\" role=\"group\" aria-roledescription=\"slide\" aria-label=\"2 sur 6\"><figure class=\"swiper-slide-inner\"><img decoding=\"async\" class=\"swiper-slide-image\" src=\"https:\/\/www.trail-de-la-biche.fr\/wp-content\/uploads\/2022\/07\/IMG_7623-2048x1536.jpg\" alt=\"IMG_7623\" \/><\/figure><\/div><div class=\"swiper-slide\" role=\"group\" aria-roledescription=\"slide\" aria-label=\"3 sur 6\"><figure class=\"swiper-slide-inner\"><img decoding=\"async\" class=\"swiper-slide-image\" src=\"https:\/\/www.trail-de-la-biche.fr\/wp-content\/uploads\/2022\/07\/IMG_7631-2048x1536.jpg\" alt=\"IMG_7631\" \/><\/figure><\/div><div class=\"swiper-slide\" role=\"group\" aria-roledescription=\"slide\" aria-label=\"4 sur 6\"><figure class=\"swiper-slide-inner\"><img decoding=\"async\" class=\"swiper-slide-image\" src=\"https:\/\/www.trail-de-la-biche.fr\/wp-content\/uploads\/2022\/07\/IMG_7646-1-2048x1536.jpg\" alt=\"IMG_7646\" \/><\/figure><\/div><div class=\"swiper-slide\" role=\"group\" aria-roledescription=\"slide\" aria-label=\"5 sur 6\"><figure class=\"swiper-slide-inner\"><img decoding=\"async\" class=\"swiper-slide-image\" src=\"https:\/\/www.trail-de-la-biche.fr\/wp-content\/uploads\/2022\/07\/IMG_7639-1-2048x1536.jpg\" alt=\"IMG_7639\" \/><\/figure><\/div><div class=\"swiper-slide\" role=\"group\" aria-roledescription=\"slide\" aria-label=\"6 sur 6\"><figure class=\"swiper-slide-inner\"><img decoding=\"async\" class=\"swiper-slide-image\" src=\"https:\/\/www.trail-de-la-biche.fr\/wp-content\/uploads\/2022\/07\/IMG_7647-2048x1536.jpg\" alt=\"IMG_7647\" \/><\/figure><\/div>\t\t\t<\/div>\n\t\t\t\t\t\t\t\t\t\t\t\t<div class=\"elementor-swiper-button elementor-swiper-button-prev\" role=\"button\" tabindex=\"0\">\n\t\t\t\t\t\t<i aria-hidden=\"true\" class=\"eicon-chevron-left\"><\/i>\t\t\t\t\t<\/div>\n\t\t\t\t\t<div class=\"elementor-swiper-button elementor-swiper-button-next\" role=\"button\" tabindex=\"0\">\n\t\t\t\t\t\t<i aria-hidden=\"true\" class=\"eicon-chevron-right\"><\/i>\t\t\t\t\t<\/div>\n\t\t\t\t\n\t\t\t\t\t\t\t\t\t<div class=\"swiper-pagination\"><\/div>\n\t\t\t\t\t\t\t\t\t<\/div>\n\t\t\t\t\t\t<\/div>\n\t\t\t\t<\/div>\n\t\t\t\t\t<\/div>\n\t\t<\/div>\n\t\t\t\t\t<\/div>\n\t\t<\/section>\n\t\t\t\t<section class=\"elementor-section elementor-top-section elementor-element elementor-element-683bf50 elementor-section-boxed elementor-section-height-default elementor-section-height-default\" data-id=\"683bf50\" data-element_type=\"section\">\n\t\t\t\t\t\t<div class=\"elementor-container elementor-column-gap-default\">\n\t\t\t\t\t<div class=\"elementor-column elementor-col-100 elementor-top-column elementor-element elementor-element-fb442a1\" data-id=\"fb442a1\" data-element_type=\"column\">\n\t\t\t<div class=\"elementor-widget-wrap\">\n\t\t\t\t\t\t\t<\/div>\n\t\t<\/div>\n\t\t\t\t\t<\/div>\n\t\t<\/section>\n\t\t\t\t<\/div>\n\t\t","protected":false},"excerpt":{"rendered":"<p>Retrouvez les classements du 26 km et du 12 km en cliquant sur ce lien : Classement 2025 Classement 2024 Classement 2023 Classement 2022<\/p>\n","protected":false},"author":1,"featured_media":0,"parent":0,"menu_order":0,"comment_status":"closed","ping_status":"closed","template":"","meta":{"footnotes":""},"class_list":["post-666","page","type-page","status-publish","hentry"],"yoast_head":"<!-- This site is optimized with the Yoast SEO plugin v25.4 - https:\/\/yoast.com\/wordpress\/plugins\/seo\/ -->\n<title>R\u00e9sultats | Trail de la biche | US Giron | 06 Juillet 2025<\/title>\n<meta name=\"description\" content=\"D\u00e9couvrez les r\u00e9sultats du trail de la biche et du trail du faon \u00e9dition 2022\" \/>\n<meta name=\"robots\" content=\"index, follow, max-snippet:-1, max-image-preview:large, max-video-preview:-1\" \/>\n<link rel=\"canonical\" href=\"https:\/\/www.trail-de-la-biche.fr\/?page_id=666\" \/>\n<meta property=\"og:locale\" content=\"fr_FR\" \/>\n<meta property=\"og:type\" content=\"article\" \/>\n<meta property=\"og:title\" content=\"R\u00e9sultats | Trail de la biche | US Giron | 06 Juillet 2025\" \/>\n<meta property=\"og:description\" content=\"D\u00e9couvrez les r\u00e9sultats du trail de la biche et du trail du faon \u00e9dition 2022\" \/>\n<meta property=\"og:url\" content=\"https:\/\/www.trail-de-la-biche.fr\/?page_id=666\" \/>\n<meta property=\"og:site_name\" content=\"Trail de la biche | US Giron | 06 Juillet 2025\" \/>\n<meta property=\"article:modified_time\" content=\"2025-07-10T13:38:38+00:00\" \/>\n<meta property=\"og:image\" content=\"http:\/\/www.trail-de-la-biche.fr\/wp-content\/uploads\/2022\/07\/IMG_7629-2048x1536.jpg\" \/>\n<meta name=\"twitter:card\" content=\"summary_large_image\" \/>\n<meta name=\"twitter:label1\" content=\"Dur\u00e9e de lecture estim\u00e9e\" \/>\n\t<meta name=\"twitter:data1\" content=\"3 minutes\" \/>\n<script type=\"application\/ld+json\" class=\"yoast-schema-graph\">{\"@context\":\"https:\/\/schema.org\",\"@graph\":[{\"@type\":\"WebPage\",\"@id\":\"https:\/\/www.trail-de-la-biche.fr\/?page_id=666\",\"url\":\"https:\/\/www.trail-de-la-biche.fr\/?page_id=666\",\"name\":\"R\u00e9sultats | Trail de la biche | US Giron | 06 Juillet 2025\",\"isPartOf\":{\"@id\":\"https:\/\/www.trail-de-la-biche.fr\/#website\"},\"primaryImageOfPage\":{\"@id\":\"https:\/\/www.trail-de-la-biche.fr\/?page_id=666#primaryimage\"},\"image\":{\"@id\":\"https:\/\/www.trail-de-la-biche.fr\/?page_id=666#primaryimage\"},\"thumbnailUrl\":\"http:\/\/www.trail-de-la-biche.fr\/wp-content\/uploads\/2022\/07\/IMG_7629-2048x1536.jpg\",\"datePublished\":\"2022-07-13T07:46:28+00:00\",\"dateModified\":\"2025-07-10T13:38:38+00:00\",\"description\":\"D\u00e9couvrez les r\u00e9sultats du trail de la biche et du trail du faon \u00e9dition 2022\",\"breadcrumb\":{\"@id\":\"https:\/\/www.trail-de-la-biche.fr\/?page_id=666#breadcrumb\"},\"inLanguage\":\"fr-FR\",\"potentialAction\":[{\"@type\":\"ReadAction\",\"target\":[\"https:\/\/www.trail-de-la-biche.fr\/?page_id=666\"]}]},{\"@type\":\"ImageObject\",\"inLanguage\":\"fr-FR\",\"@id\":\"https:\/\/www.trail-de-la-biche.fr\/?page_id=666#primaryimage\",\"url\":\"http:\/\/www.trail-de-la-biche.fr\/wp-content\/uploads\/2022\/07\/IMG_7629-2048x1536.jpg\",\"contentUrl\":\"http:\/\/www.trail-de-la-biche.fr\/wp-content\/uploads\/2022\/07\/IMG_7629-2048x1536.jpg\"},{\"@type\":\"BreadcrumbList\",\"@id\":\"https:\/\/www.trail-de-la-biche.fr\/?page_id=666#breadcrumb\",\"itemListElement\":[{\"@type\":\"ListItem\",\"position\":1,\"name\":\"Accueil\",\"item\":\"https:\/\/www.trail-de-la-biche.fr\/\"},{\"@type\":\"ListItem\",\"position\":2,\"name\":\"R\u00e9sultats\"}]},{\"@type\":\"WebSite\",\"@id\":\"https:\/\/www.trail-de-la-biche.fr\/#website\",\"url\":\"https:\/\/www.trail-de-la-biche.fr\/\",\"name\":\"Trail de la biche | US Giron | 06 Juillet 2025\",\"description\":\"Trail de la Biche - 06 Juillet 2025 \u00e0 Giron\",\"publisher\":{\"@id\":\"https:\/\/www.trail-de-la-biche.fr\/#organization\"},\"potentialAction\":[{\"@type\":\"SearchAction\",\"target\":{\"@type\":\"EntryPoint\",\"urlTemplate\":\"https:\/\/www.trail-de-la-biche.fr\/?s={search_term_string}\"},\"query-input\":{\"@type\":\"PropertyValueSpecification\",\"valueRequired\":true,\"valueName\":\"search_term_string\"}}],\"inLanguage\":\"fr-FR\"},{\"@type\":\"Organization\",\"@id\":\"https:\/\/www.trail-de-la-biche.fr\/#organization\",\"name\":\"Trail de la Biche- US GIRON\",\"url\":\"https:\/\/www.trail-de-la-biche.fr\/\",\"logo\":{\"@type\":\"ImageObject\",\"inLanguage\":\"fr-FR\",\"@id\":\"https:\/\/www.trail-de-la-biche.fr\/#\/schema\/logo\/image\/\",\"url\":\"http:\/\/www.trail-de-la-biche.fr\/wp-content\/uploads\/2022\/04\/logo-usgiron-1-e1650628252422.png\",\"contentUrl\":\"http:\/\/www.trail-de-la-biche.fr\/wp-content\/uploads\/2022\/04\/logo-usgiron-1-e1650628252422.png\",\"width\":200,\"height\":81,\"caption\":\"Trail de la Biche- US GIRON\"},\"image\":{\"@id\":\"https:\/\/www.trail-de-la-biche.fr\/#\/schema\/logo\/image\/\"}}]}<\/script>\n<!-- \/ Yoast SEO plugin. -->","yoast_head_json":{"title":"R\u00e9sultats | Trail de la biche | US Giron | 06 Juillet 2025","description":"D\u00e9couvrez les r\u00e9sultats du trail de la biche et du trail du faon \u00e9dition 2022","robots":{"index":"index","follow":"follow","max-snippet":"max-snippet:-1","max-image-preview":"max-image-preview:large","max-video-preview":"max-video-preview:-1"},"canonical":"https:\/\/www.trail-de-la-biche.fr\/?page_id=666","og_locale":"fr_FR","og_type":"article","og_title":"R\u00e9sultats | Trail de la biche | US Giron | 06 Juillet 2025","og_description":"D\u00e9couvrez les r\u00e9sultats du trail de la biche et du trail du faon \u00e9dition 2022","og_url":"https:\/\/www.trail-de-la-biche.fr\/?page_id=666","og_site_name":"Trail de la biche | US Giron | 06 Juillet 2025","article_modified_time":"2025-07-10T13:38:38+00:00","og_image":[{"url":"http:\/\/www.trail-de-la-biche.fr\/wp-content\/uploads\/2022\/07\/IMG_7629-2048x1536.jpg","type":"","width":"","height":""}],"twitter_card":"summary_large_image","twitter_misc":{"Dur\u00e9e de lecture estim\u00e9e":"3 minutes"},"schema":{"@context":"https:\/\/schema.org","@graph":[{"@type":"WebPage","@id":"https:\/\/www.trail-de-la-biche.fr\/?page_id=666","url":"https:\/\/www.trail-de-la-biche.fr\/?page_id=666","name":"R\u00e9sultats | Trail de la biche | US Giron | 06 Juillet 2025","isPartOf":{"@id":"https:\/\/www.trail-de-la-biche.fr\/#website"},"primaryImageOfPage":{"@id":"https:\/\/www.trail-de-la-biche.fr\/?page_id=666#primaryimage"},"image":{"@id":"https:\/\/www.trail-de-la-biche.fr\/?page_id=666#primaryimage"},"thumbnailUrl":"http:\/\/www.trail-de-la-biche.fr\/wp-content\/uploads\/2022\/07\/IMG_7629-2048x1536.jpg","datePublished":"2022-07-13T07:46:28+00:00","dateModified":"2025-07-10T13:38:38+00:00","description":"D\u00e9couvrez les r\u00e9sultats du trail de la biche et du trail du faon \u00e9dition 2022","breadcrumb":{"@id":"https:\/\/www.trail-de-la-biche.fr\/?page_id=666#breadcrumb"},"inLanguage":"fr-FR","potentialAction":[{"@type":"ReadAction","target":["https:\/\/www.trail-de-la-biche.fr\/?page_id=666"]}]},{"@type":"ImageObject","inLanguage":"fr-FR","@id":"https:\/\/www.trail-de-la-biche.fr\/?page_id=666#primaryimage","url":"http:\/\/www.trail-de-la-biche.fr\/wp-content\/uploads\/2022\/07\/IMG_7629-2048x1536.jpg","contentUrl":"http:\/\/www.trail-de-la-biche.fr\/wp-content\/uploads\/2022\/07\/IMG_7629-2048x1536.jpg"},{"@type":"BreadcrumbList","@id":"https:\/\/www.trail-de-la-biche.fr\/?page_id=666#breadcrumb","itemListElement":[{"@type":"ListItem","position":1,"name":"Accueil","item":"https:\/\/www.trail-de-la-biche.fr\/"},{"@type":"ListItem","position":2,"name":"R\u00e9sultats"}]},{"@type":"WebSite","@id":"https:\/\/www.trail-de-la-biche.fr\/#website","url":"https:\/\/www.trail-de-la-biche.fr\/","name":"Trail de la biche | US Giron | 06 Juillet 2025","description":"Trail de la Biche - 06 Juillet 2025 \u00e0 Giron","publisher":{"@id":"https:\/\/www.trail-de-la-biche.fr\/#organization"},"potentialAction":[{"@type":"SearchAction","target":{"@type":"EntryPoint","urlTemplate":"https:\/\/www.trail-de-la-biche.fr\/?s={search_term_string}"},"query-input":{"@type":"PropertyValueSpecification","valueRequired":true,"valueName":"search_term_string"}}],"inLanguage":"fr-FR"},{"@type":"Organization","@id":"https:\/\/www.trail-de-la-biche.fr\/#organization","name":"Trail de la Biche- US GIRON","url":"https:\/\/www.trail-de-la-biche.fr\/","logo":{"@type":"ImageObject","inLanguage":"fr-FR","@id":"https:\/\/www.trail-de-la-biche.fr\/#\/schema\/logo\/image\/","url":"http:\/\/www.trail-de-la-biche.fr\/wp-content\/uploads\/2022\/04\/logo-usgiron-1-e1650628252422.png","contentUrl":"http:\/\/www.trail-de-la-biche.fr\/wp-content\/uploads\/2022\/04\/logo-usgiron-1-e1650628252422.png","width":200,"height":81,"caption":"Trail de la Biche- US GIRON"},"image":{"@id":"https:\/\/www.trail-de-la-biche.fr\/#\/schema\/logo\/image\/"}}]}},"_links":{"self":[{"href":"https:\/\/www.trail-de-la-biche.fr\/index.php?rest_route=\/wp\/v2\/pages\/666","targetHints":{"allow":["GET"]}}],"collection":[{"href":"https:\/\/www.trail-de-la-biche.fr\/index.php?rest_route=\/wp\/v2\/pages"}],"about":[{"href":"https:\/\/www.trail-de-la-biche.fr\/index.php?rest_route=\/wp\/v2\/types\/page"}],"author":[{"embeddable":true,"href":"https:\/\/www.trail-de-la-biche.fr\/index.php?rest_route=\/wp\/v2\/users\/1"}],"replies":[{"embeddable":true,"href":"https:\/\/www.trail-de-la-biche.fr\/index.php?rest_route=%2Fwp%2Fv2%2Fcomments&post=666"}],"version-history":[{"count":23,"href":"https:\/\/www.trail-de-la-biche.fr\/index.php?rest_route=\/wp\/v2\/pages\/666\/revisions"}],"predecessor-version":[{"id":959,"href":"https:\/\/www.trail-de-la-biche.fr\/index.php?rest_route=\/wp\/v2\/pages\/666\/revisions\/959"}],"wp:attachment":[{"href":"https:\/\/www.trail-de-la-biche.fr\/index.php?rest_route=%2Fwp%2Fv2%2Fmedia&parent=666"}],"curies":[{"name":"wp","href":"https:\/\/api.w.org\/{rel}","templated":true}]}}