{"id":20,"date":"2022-04-19T11:43:12","date_gmt":"2022-04-19T09:43:12","guid":{"rendered":"http:\/\/trail-de-la-biche.fr\/?page_id=20"},"modified":"2022-06-01T16:25:29","modified_gmt":"2022-06-01T14:25:29","slug":"contact","status":"publish","type":"page","link":"https:\/\/www.trail-de-la-biche.fr\/?page_id=20","title":{"rendered":"Contact"},"content":{"rendered":"\t\t<div data-elementor-type=\"wp-page\" data-elementor-id=\"20\" class=\"elementor elementor-20\">\n\t\t\t\t\t\t<section class=\"elementor-section elementor-top-section elementor-element elementor-element-d8f7b3f elementor-section-boxed elementor-section-height-default elementor-section-height-default\" data-id=\"d8f7b3f\" data-element_type=\"section\">\n\t\t\t\t\t\t<div class=\"elementor-container elementor-column-gap-default\">\n\t\t\t\t\t<div class=\"elementor-column elementor-col-100 elementor-top-column elementor-element elementor-element-8b20419\" data-id=\"8b20419\" data-element_type=\"column\">\n\t\t\t<div class=\"elementor-widget-wrap elementor-element-populated\">\n\t\t\t\t\t\t<div class=\"elementor-element elementor-element-f93aac9 elementor-widget elementor-widget-image\" data-id=\"f93aac9\" data-element_type=\"widget\" data-widget_type=\"image.default\">\n\t\t\t\t<div class=\"elementor-widget-container\">\n\t\t\t\t\t\t\t\t\t\t\t\t\t\t\t<img fetchpriority=\"high\" decoding=\"async\" width=\"950\" height=\"320\" src=\"https:\/\/www.trail-de-la-biche.fr\/wp-content\/uploads\/2022\/04\/cropped-IMG_4306-scaled-1-950x320.jpg\" class=\"attachment-inspiro-loop size-inspiro-loop wp-image-325\" alt=\"coureur trail de la biche\" srcset=\"https:\/\/www.trail-de-la-biche.fr\/wp-content\/uploads\/2022\/04\/cropped-IMG_4306-scaled-1-950x320.jpg 950w, https:\/\/www.trail-de-la-biche.fr\/wp-content\/uploads\/2022\/04\/cropped-IMG_4306-scaled-1-1900x640.jpg 1900w\" sizes=\"100vw\" \/>\t\t\t\t\t\t\t\t\t\t\t\t\t\t\t<\/div>\n\t\t\t\t<\/div>\n\t\t\t\t<div class=\"elementor-element elementor-element-3c7e8ed elementor-widget elementor-widget-text-editor\" data-id=\"3c7e8ed\" data-element_type=\"widget\" data-widget_type=\"text-editor.default\">\n\t\t\t\t<div class=\"elementor-widget-container\">\n\t\t\t\t\t\t\t\t\t<p>Pour toutes informations compl\u00e9mentaires, contactez nous sur Facebook, par mail ou par t\u00e9l\u00e9phone :&nbsp;<\/p>\t\t\t\t\t\t\t\t<\/div>\n\t\t\t\t<\/div>\n\t\t\t\t\t<\/div>\n\t\t<\/div>\n\t\t\t\t\t<\/div>\n\t\t<\/section>\n\t\t\t\t<section class=\"elementor-section elementor-top-section elementor-element elementor-element-4b77766 elementor-section-boxed elementor-section-height-default elementor-section-height-default\" data-id=\"4b77766\" data-element_type=\"section\">\n\t\t\t\t\t\t<div class=\"elementor-container elementor-column-gap-default\">\n\t\t\t\t\t<div class=\"elementor-column elementor-col-100 elementor-top-column elementor-element elementor-element-c6a088e\" data-id=\"c6a088e\" data-element_type=\"column\">\n\t\t\t<div class=\"elementor-widget-wrap elementor-element-populated\">\n\t\t\t\t\t\t<section class=\"elementor-section elementor-inner-section elementor-element elementor-element-a29b2f9 elementor-section-boxed elementor-section-height-default elementor-section-height-default\" data-id=\"a29b2f9\" data-element_type=\"section\">\n\t\t\t\t\t\t<div class=\"elementor-container elementor-column-gap-default\">\n\t\t\t\t\t<div class=\"elementor-column elementor-col-50 elementor-inner-column elementor-element elementor-element-dcc25a2\" data-id=\"dcc25a2\" data-element_type=\"column\">\n\t\t\t<div class=\"elementor-widget-wrap elementor-element-populated\">\n\t\t\t\t\t\t<div class=\"elementor-element elementor-element-5a1fb94 elementor-shape-circle e-grid-align-left elementor-grid-0 elementor-widget elementor-widget-social-icons\" data-id=\"5a1fb94\" data-element_type=\"widget\" data-widget_type=\"social-icons.default\">\n\t\t\t\t<div class=\"elementor-widget-container\">\n\t\t\t\t\t\t\t<div class=\"elementor-social-icons-wrapper elementor-grid\">\n\t\t\t\t\t\t\t<span class=\"elementor-grid-item\">\n\t\t\t\t\t<a class=\"elementor-icon elementor-social-icon elementor-social-icon-facebook elementor-repeater-item-1d60275\" href=\"https:\/\/www.facebook.com\/USGiron\/\" target=\"_blank\">\n\t\t\t\t\t\t<span class=\"elementor-screen-only\">Facebook<\/span>\n\t\t\t\t\t\t<i class=\"fab fa-facebook\"><\/i>\t\t\t\t\t<\/a>\n\t\t\t\t<\/span>\n\t\t\t\t\t<\/div>\n\t\t\t\t\t\t<\/div>\n\t\t\t\t<\/div>\n\t\t\t\t\t<\/div>\n\t\t<\/div>\n\t\t\t\t<div class=\"elementor-column elementor-col-50 elementor-inner-column elementor-element elementor-element-26cb9f5\" data-id=\"26cb9f5\" data-element_type=\"column\">\n\t\t\t<div class=\"elementor-widget-wrap elementor-element-populated\">\n\t\t\t\t\t\t<div class=\"elementor-element elementor-element-380fc33 elementor-widget elementor-widget-text-editor\" data-id=\"380fc33\" data-element_type=\"widget\" data-widget_type=\"text-editor.default\">\n\t\t\t\t<div class=\"elementor-widget-container\">\n\t\t\t\t\t\t\t\t\t<p>Us Giron<\/p>\t\t\t\t\t\t\t\t<\/div>\n\t\t\t\t<\/div>\n\t\t\t\t\t<\/div>\n\t\t<\/div>\n\t\t\t\t\t<\/div>\n\t\t<\/section>\n\t\t\t\t<section class=\"elementor-section elementor-inner-section elementor-element elementor-element-1159e13 elementor-section-boxed elementor-section-height-default elementor-section-height-default\" data-id=\"1159e13\" data-element_type=\"section\">\n\t\t\t\t\t\t<div class=\"elementor-container elementor-column-gap-default\">\n\t\t\t\t\t<div class=\"elementor-column elementor-col-50 elementor-inner-column elementor-element elementor-element-922a813\" data-id=\"922a813\" data-element_type=\"column\">\n\t\t\t<div class=\"elementor-widget-wrap elementor-element-populated\">\n\t\t\t\t\t\t<div class=\"elementor-element elementor-element-98a3cfe elementor-view-default elementor-widget elementor-widget-icon\" data-id=\"98a3cfe\" data-element_type=\"widget\" data-widget_type=\"icon.default\">\n\t\t\t\t<div class=\"elementor-widget-container\">\n\t\t\t\t\t\t\t<div class=\"elementor-icon-wrapper\">\n\t\t\t<div class=\"elementor-icon\">\n\t\t\t<i aria-hidden=\"true\" class=\"fas fa-mail-bulk\"><\/i>\t\t\t<\/div>\n\t\t<\/div>\n\t\t\t\t\t\t<\/div>\n\t\t\t\t<\/div>\n\t\t\t\t\t<\/div>\n\t\t<\/div>\n\t\t\t\t<div class=\"elementor-column elementor-col-50 elementor-inner-column elementor-element elementor-element-3d73482\" data-id=\"3d73482\" data-element_type=\"column\">\n\t\t\t<div class=\"elementor-widget-wrap elementor-element-populated\">\n\t\t\t\t\t\t<div class=\"elementor-element elementor-element-1b72c0f elementor-widget elementor-widget-text-editor\" data-id=\"1b72c0f\" data-element_type=\"widget\" data-widget_type=\"text-editor.default\">\n\t\t\t\t<div class=\"elementor-widget-container\">\n\t\t\t\t\t\t\t\t\t<p>usgiron@gmail.com<\/p>\t\t\t\t\t\t\t\t<\/div>\n\t\t\t\t<\/div>\n\t\t\t\t\t<\/div>\n\t\t<\/div>\n\t\t\t\t\t<\/div>\n\t\t<\/section>\n\t\t\t\t<section class=\"elementor-section elementor-inner-section elementor-element elementor-element-11bed14 elementor-section-boxed elementor-section-height-default elementor-section-height-default\" data-id=\"11bed14\" data-element_type=\"section\">\n\t\t\t\t\t\t<div class=\"elementor-container elementor-column-gap-default\">\n\t\t\t\t\t<div class=\"elementor-column elementor-col-50 elementor-inner-column elementor-element elementor-element-7570da0\" data-id=\"7570da0\" data-element_type=\"column\">\n\t\t\t<div class=\"elementor-widget-wrap elementor-element-populated\">\n\t\t\t\t\t\t<div class=\"elementor-element elementor-element-ac614b6 elementor-view-default elementor-widget elementor-widget-icon\" data-id=\"ac614b6\" data-element_type=\"widget\" data-widget_type=\"icon.default\">\n\t\t\t\t<div class=\"elementor-widget-container\">\n\t\t\t\t\t\t\t<div class=\"elementor-icon-wrapper\">\n\t\t\t<div class=\"elementor-icon\">\n\t\t\t<i aria-hidden=\"true\" class=\"fas fa-phone\"><\/i>\t\t\t<\/div>\n\t\t<\/div>\n\t\t\t\t\t\t<\/div>\n\t\t\t\t<\/div>\n\t\t\t\t\t<\/div>\n\t\t<\/div>\n\t\t\t\t<div class=\"elementor-column elementor-col-50 elementor-inner-column elementor-element elementor-element-2e0d77c\" data-id=\"2e0d77c\" data-element_type=\"column\">\n\t\t\t<div class=\"elementor-widget-wrap elementor-element-populated\">\n\t\t\t\t\t\t<div class=\"elementor-element elementor-element-1e1c0ed elementor-widget elementor-widget-text-editor\" data-id=\"1e1c0ed\" data-element_type=\"widget\" data-widget_type=\"text-editor.default\">\n\t\t\t\t<div class=\"elementor-widget-container\">\n\t\t\t\t\t\t\t\t\t<p>06 43 06 25 44<\/p>\t\t\t\t\t\t\t\t<\/div>\n\t\t\t\t<\/div>\n\t\t\t\t\t<\/div>\n\t\t<\/div>\n\t\t\t\t\t<\/div>\n\t\t<\/section>\n\t\t\t\t\t<\/div>\n\t\t<\/div>\n\t\t\t\t\t<\/div>\n\t\t<\/section>\n\t\t\t\t<section class=\"elementor-section elementor-top-section elementor-element elementor-element-10997c2 elementor-section-boxed elementor-section-height-default elementor-section-height-default\" data-id=\"10997c2\" data-element_type=\"section\">\n\t\t\t\t\t\t<div class=\"elementor-container elementor-column-gap-default\">\n\t\t\t\t\t<div class=\"elementor-column elementor-col-100 elementor-top-column elementor-element elementor-element-811d29c\" data-id=\"811d29c\" data-element_type=\"column\">\n\t\t\t<div class=\"elementor-widget-wrap elementor-element-populated\">\n\t\t\t\t\t\t<div class=\"elementor-element elementor-element-fe7238c elementor-widget elementor-widget-text-editor\" data-id=\"fe7238c\" data-element_type=\"widget\" data-widget_type=\"text-editor.default\">\n\t\t\t\t<div class=\"elementor-widget-container\">\n\t\t\t\t\t\t\t\t\t<p>Avez vous consult\u00e9 notre rubrique \u00ab\u00a0<a href=\"http:\/\/www.trail-de-la-biche.fr\/?page_id=19(ouvre un nouvel onglet)\" target=\"_blank\">informations<\/a>\u00a0\u00bb ?&nbsp;<\/p>\t\t\t\t\t\t\t\t<\/div>\n\t\t\t\t<\/div>\n\t\t\t\t\t<\/div>\n\t\t<\/div>\n\t\t\t\t\t<\/div>\n\t\t<\/section>\n\t\t\t\t<\/div>\n\t\t","protected":false},"excerpt":{"rendered":"<p>Pour toutes informations compl\u00e9mentaires, contactez nous sur Facebook, par mail ou par t\u00e9l\u00e9phone :&nbsp; Facebook Us Giron usgiron@gmail.com 06 43 06 25 44 Avez vous consult\u00e9 notre rubrique \u00ab\u00a0informations\u00a0\u00bb ?&nbsp;<\/p>\n","protected":false},"author":1,"featured_media":0,"parent":0,"menu_order":0,"comment_status":"closed","ping_status":"closed","template":"","meta":{"footnotes":""},"class_list":["post-20","page","type-page","status-publish","hentry"],"yoast_head":"<!-- This site is optimized with the Yoast SEO plugin v25.4 - https:\/\/yoast.com\/wordpress\/plugins\/seo\/ -->\n<title>Contact | Trail de la biche | US Giron | 06 Juillet 2025<\/title>\n<meta name=\"description\" content=\"Contact-Contactez nous pour plus d&#039;informations concernant le Trail de la Biche ! Par mail, t\u00e9l\u00e9phone ou sur notre page Facebook Us Giron.\" \/>\n<meta name=\"robots\" content=\"index, follow, max-snippet:-1, max-image-preview:large, max-video-preview:-1\" \/>\n<link rel=\"canonical\" href=\"https:\/\/www.trail-de-la-biche.fr\/?page_id=20\" \/>\n<meta property=\"og:locale\" content=\"fr_FR\" \/>\n<meta property=\"og:type\" content=\"article\" \/>\n<meta property=\"og:title\" content=\"Contact | Trail de la biche | US Giron | 06 Juillet 2025\" \/>\n<meta property=\"og:description\" content=\"Contact-Contactez nous pour plus d&#039;informations concernant le Trail de la Biche ! Par mail, t\u00e9l\u00e9phone ou sur notre page Facebook Us Giron.\" \/>\n<meta property=\"og:url\" content=\"https:\/\/www.trail-de-la-biche.fr\/?page_id=20\" \/>\n<meta property=\"og:site_name\" content=\"Trail de la biche | US Giron | 06 Juillet 2025\" \/>\n<meta property=\"article:modified_time\" content=\"2022-06-01T14:25:29+00:00\" \/>\n<meta property=\"og:image\" content=\"http:\/\/www.trail-de-la-biche.fr\/wp-content\/uploads\/2022\/04\/cropped-IMG_4306-scaled-1-950x320.jpg\" \/>\n<meta name=\"twitter:card\" content=\"summary_large_image\" \/>\n<meta name=\"twitter:label1\" content=\"Dur\u00e9e de lecture estim\u00e9e\" \/>\n\t<meta name=\"twitter:data1\" content=\"1 minute\" \/>\n<script type=\"application\/ld+json\" class=\"yoast-schema-graph\">{\"@context\":\"https:\/\/schema.org\",\"@graph\":[{\"@type\":\"WebPage\",\"@id\":\"https:\/\/www.trail-de-la-biche.fr\/?page_id=20\",\"url\":\"https:\/\/www.trail-de-la-biche.fr\/?page_id=20\",\"name\":\"Contact | Trail de la biche | US Giron | 06 Juillet 2025\",\"isPartOf\":{\"@id\":\"https:\/\/www.trail-de-la-biche.fr\/#website\"},\"primaryImageOfPage\":{\"@id\":\"https:\/\/www.trail-de-la-biche.fr\/?page_id=20#primaryimage\"},\"image\":{\"@id\":\"https:\/\/www.trail-de-la-biche.fr\/?page_id=20#primaryimage\"},\"thumbnailUrl\":\"http:\/\/www.trail-de-la-biche.fr\/wp-content\/uploads\/2022\/04\/cropped-IMG_4306-scaled-1-950x320.jpg\",\"datePublished\":\"2022-04-19T09:43:12+00:00\",\"dateModified\":\"2022-06-01T14:25:29+00:00\",\"description\":\"Contact-Contactez nous pour plus d'informations concernant le Trail de la Biche ! Par mail, t\u00e9l\u00e9phone ou sur notre page Facebook Us Giron.\",\"breadcrumb\":{\"@id\":\"https:\/\/www.trail-de-la-biche.fr\/?page_id=20#breadcrumb\"},\"inLanguage\":\"fr-FR\",\"potentialAction\":[{\"@type\":\"ReadAction\",\"target\":[\"https:\/\/www.trail-de-la-biche.fr\/?page_id=20\"]}]},{\"@type\":\"ImageObject\",\"inLanguage\":\"fr-FR\",\"@id\":\"https:\/\/www.trail-de-la-biche.fr\/?page_id=20#primaryimage\",\"url\":\"https:\/\/www.trail-de-la-biche.fr\/wp-content\/uploads\/2022\/04\/cropped-IMG_4306-scaled-1.jpg\",\"contentUrl\":\"https:\/\/www.trail-de-la-biche.fr\/wp-content\/uploads\/2022\/04\/cropped-IMG_4306-scaled-1.jpg\",\"width\":2000,\"height\":1398,\"caption\":\"coureur trail de la biche\"},{\"@type\":\"BreadcrumbList\",\"@id\":\"https:\/\/www.trail-de-la-biche.fr\/?page_id=20#breadcrumb\",\"itemListElement\":[{\"@type\":\"ListItem\",\"position\":1,\"name\":\"Accueil\",\"item\":\"https:\/\/www.trail-de-la-biche.fr\/\"},{\"@type\":\"ListItem\",\"position\":2,\"name\":\"Contact\"}]},{\"@type\":\"WebSite\",\"@id\":\"https:\/\/www.trail-de-la-biche.fr\/#website\",\"url\":\"https:\/\/www.trail-de-la-biche.fr\/\",\"name\":\"Trail de la biche | US Giron | 06 Juillet 2025\",\"description\":\"Trail de la Biche - 06 Juillet 2025 \u00e0 Giron\",\"publisher\":{\"@id\":\"https:\/\/www.trail-de-la-biche.fr\/#organization\"},\"potentialAction\":[{\"@type\":\"SearchAction\",\"target\":{\"@type\":\"EntryPoint\",\"urlTemplate\":\"https:\/\/www.trail-de-la-biche.fr\/?s={search_term_string}\"},\"query-input\":{\"@type\":\"PropertyValueSpecification\",\"valueRequired\":true,\"valueName\":\"search_term_string\"}}],\"inLanguage\":\"fr-FR\"},{\"@type\":\"Organization\",\"@id\":\"https:\/\/www.trail-de-la-biche.fr\/#organization\",\"name\":\"Trail de la Biche- US GIRON\",\"url\":\"https:\/\/www.trail-de-la-biche.fr\/\",\"logo\":{\"@type\":\"ImageObject\",\"inLanguage\":\"fr-FR\",\"@id\":\"https:\/\/www.trail-de-la-biche.fr\/#\/schema\/logo\/image\/\",\"url\":\"http:\/\/www.trail-de-la-biche.fr\/wp-content\/uploads\/2022\/04\/logo-usgiron-1-e1650628252422.png\",\"contentUrl\":\"http:\/\/www.trail-de-la-biche.fr\/wp-content\/uploads\/2022\/04\/logo-usgiron-1-e1650628252422.png\",\"width\":200,\"height\":81,\"caption\":\"Trail de la Biche- US GIRON\"},\"image\":{\"@id\":\"https:\/\/www.trail-de-la-biche.fr\/#\/schema\/logo\/image\/\"}}]}<\/script>\n<!-- \/ Yoast SEO plugin. -->","yoast_head_json":{"title":"Contact | Trail de la biche | US Giron | 06 Juillet 2025","description":"Contact-Contactez nous pour plus d'informations concernant le Trail de la Biche ! Par mail, t\u00e9l\u00e9phone ou sur notre page Facebook Us Giron.","robots":{"index":"index","follow":"follow","max-snippet":"max-snippet:-1","max-image-preview":"max-image-preview:large","max-video-preview":"max-video-preview:-1"},"canonical":"https:\/\/www.trail-de-la-biche.fr\/?page_id=20","og_locale":"fr_FR","og_type":"article","og_title":"Contact | Trail de la biche | US Giron | 06 Juillet 2025","og_description":"Contact-Contactez nous pour plus d'informations concernant le Trail de la Biche ! Par mail, t\u00e9l\u00e9phone ou sur notre page Facebook Us Giron.","og_url":"https:\/\/www.trail-de-la-biche.fr\/?page_id=20","og_site_name":"Trail de la biche | US Giron | 06 Juillet 2025","article_modified_time":"2022-06-01T14:25:29+00:00","og_image":[{"url":"http:\/\/www.trail-de-la-biche.fr\/wp-content\/uploads\/2022\/04\/cropped-IMG_4306-scaled-1-950x320.jpg","type":"","width":"","height":""}],"twitter_card":"summary_large_image","twitter_misc":{"Dur\u00e9e de lecture estim\u00e9e":"1 minute"},"schema":{"@context":"https:\/\/schema.org","@graph":[{"@type":"WebPage","@id":"https:\/\/www.trail-de-la-biche.fr\/?page_id=20","url":"https:\/\/www.trail-de-la-biche.fr\/?page_id=20","name":"Contact | Trail de la biche | US Giron | 06 Juillet 2025","isPartOf":{"@id":"https:\/\/www.trail-de-la-biche.fr\/#website"},"primaryImageOfPage":{"@id":"https:\/\/www.trail-de-la-biche.fr\/?page_id=20#primaryimage"},"image":{"@id":"https:\/\/www.trail-de-la-biche.fr\/?page_id=20#primaryimage"},"thumbnailUrl":"http:\/\/www.trail-de-la-biche.fr\/wp-content\/uploads\/2022\/04\/cropped-IMG_4306-scaled-1-950x320.jpg","datePublished":"2022-04-19T09:43:12+00:00","dateModified":"2022-06-01T14:25:29+00:00","description":"Contact-Contactez nous pour plus d'informations concernant le Trail de la Biche ! Par mail, t\u00e9l\u00e9phone ou sur notre page Facebook Us Giron.","breadcrumb":{"@id":"https:\/\/www.trail-de-la-biche.fr\/?page_id=20#breadcrumb"},"inLanguage":"fr-FR","potentialAction":[{"@type":"ReadAction","target":["https:\/\/www.trail-de-la-biche.fr\/?page_id=20"]}]},{"@type":"ImageObject","inLanguage":"fr-FR","@id":"https:\/\/www.trail-de-la-biche.fr\/?page_id=20#primaryimage","url":"https:\/\/www.trail-de-la-biche.fr\/wp-content\/uploads\/2022\/04\/cropped-IMG_4306-scaled-1.jpg","contentUrl":"https:\/\/www.trail-de-la-biche.fr\/wp-content\/uploads\/2022\/04\/cropped-IMG_4306-scaled-1.jpg","width":2000,"height":1398,"caption":"coureur trail de la biche"},{"@type":"BreadcrumbList","@id":"https:\/\/www.trail-de-la-biche.fr\/?page_id=20#breadcrumb","itemListElement":[{"@type":"ListItem","position":1,"name":"Accueil","item":"https:\/\/www.trail-de-la-biche.fr\/"},{"@type":"ListItem","position":2,"name":"Contact"}]},{"@type":"WebSite","@id":"https:\/\/www.trail-de-la-biche.fr\/#website","url":"https:\/\/www.trail-de-la-biche.fr\/","name":"Trail de la biche | US Giron | 06 Juillet 2025","description":"Trail de la Biche - 06 Juillet 2025 \u00e0 Giron","publisher":{"@id":"https:\/\/www.trail-de-la-biche.fr\/#organization"},"potentialAction":[{"@type":"SearchAction","target":{"@type":"EntryPoint","urlTemplate":"https:\/\/www.trail-de-la-biche.fr\/?s={search_term_string}"},"query-input":{"@type":"PropertyValueSpecification","valueRequired":true,"valueName":"search_term_string"}}],"inLanguage":"fr-FR"},{"@type":"Organization","@id":"https:\/\/www.trail-de-la-biche.fr\/#organization","name":"Trail de la Biche- US GIRON","url":"https:\/\/www.trail-de-la-biche.fr\/","logo":{"@type":"ImageObject","inLanguage":"fr-FR","@id":"https:\/\/www.trail-de-la-biche.fr\/#\/schema\/logo\/image\/","url":"http:\/\/www.trail-de-la-biche.fr\/wp-content\/uploads\/2022\/04\/logo-usgiron-1-e1650628252422.png","contentUrl":"http:\/\/www.trail-de-la-biche.fr\/wp-content\/uploads\/2022\/04\/logo-usgiron-1-e1650628252422.png","width":200,"height":81,"caption":"Trail de la Biche- US GIRON"},"image":{"@id":"https:\/\/www.trail-de-la-biche.fr\/#\/schema\/logo\/image\/"}}]}},"_links":{"self":[{"href":"https:\/\/www.trail-de-la-biche.fr\/index.php?rest_route=\/wp\/v2\/pages\/20","targetHints":{"allow":["GET"]}}],"collection":[{"href":"https:\/\/www.trail-de-la-biche.fr\/index.php?rest_route=\/wp\/v2\/pages"}],"about":[{"href":"https:\/\/www.trail-de-la-biche.fr\/index.php?rest_route=\/wp\/v2\/types\/page"}],"author":[{"embeddable":true,"href":"https:\/\/www.trail-de-la-biche.fr\/index.php?rest_route=\/wp\/v2\/users\/1"}],"replies":[{"embeddable":true,"href":"https:\/\/www.trail-de-la-biche.fr\/index.php?rest_route=%2Fwp%2Fv2%2Fcomments&post=20"}],"version-history":[{"count":26,"href":"https:\/\/www.trail-de-la-biche.fr\/index.php?rest_route=\/wp\/v2\/pages\/20\/revisions"}],"predecessor-version":[{"id":564,"href":"https:\/\/www.trail-de-la-biche.fr\/index.php?rest_route=\/wp\/v2\/pages\/20\/revisions\/564"}],"wp:attachment":[{"href":"https:\/\/www.trail-de-la-biche.fr\/index.php?rest_route=%2Fwp%2Fv2%2Fmedia&parent=20"}],"curies":[{"name":"wp","href":"https:\/\/api.w.org\/{rel}","templated":true}]}}