{"id":139,"date":"2022-04-22T11:11:43","date_gmt":"2022-04-22T09:11:43","guid":{"rendered":"http:\/\/trail-de-la-biche.fr\/?page_id=139"},"modified":"2024-07-05T09:02:25","modified_gmt":"2024-07-05T07:02:25","slug":"epreuves","status":"publish","type":"page","link":"https:\/\/www.trail-de-la-biche.fr\/?page_id=139","title":{"rendered":"\u00c9preuves"},"content":{"rendered":"\t\t<div data-elementor-type=\"wp-page\" data-elementor-id=\"139\" class=\"elementor elementor-139\">\n\t\t\t\t\t\t<section class=\"elementor-section elementor-top-section elementor-element elementor-element-a6859d7 elementor-section-boxed elementor-section-height-default elementor-section-height-default\" data-id=\"a6859d7\" data-element_type=\"section\">\n\t\t\t\t\t\t<div class=\"elementor-container elementor-column-gap-default\">\n\t\t\t\t\t<div class=\"elementor-column elementor-col-33 elementor-top-column elementor-element elementor-element-3945d99\" data-id=\"3945d99\" data-element_type=\"column\">\n\t\t\t<div class=\"elementor-widget-wrap elementor-element-populated\">\n\t\t\t\t\t\t<div class=\"elementor-element elementor-element-7164839 elementor-widget elementor-widget-image\" data-id=\"7164839\" data-element_type=\"widget\" data-widget_type=\"image.default\">\n\t\t\t\t<div class=\"elementor-widget-container\">\n\t\t\t\t\t\t\t\t\t\t\t\t\t\t\t\t<a href=\"http:\/\/trail-de-la-biche.fr\/?p=49\">\n\t\t\t\t\t\t\t<img fetchpriority=\"high\" decoding=\"async\" width=\"768\" height=\"643\" src=\"https:\/\/www.trail-de-la-biche.fr\/wp-content\/uploads\/2023\/03\/IMG_2596-3-768x643.jpg\" class=\"attachment-medium_large size-medium_large wp-image-752\" alt=\"\" srcset=\"https:\/\/www.trail-de-la-biche.fr\/wp-content\/uploads\/2023\/03\/IMG_2596-3-768x643.jpg 768w, https:\/\/www.trail-de-la-biche.fr\/wp-content\/uploads\/2023\/03\/IMG_2596-3-300x251.jpg 300w, https:\/\/www.trail-de-la-biche.fr\/wp-content\/uploads\/2023\/03\/IMG_2596-3-1024x858.jpg 1024w, https:\/\/www.trail-de-la-biche.fr\/wp-content\/uploads\/2023\/03\/IMG_2596-3-1536x1287.jpg 1536w, https:\/\/www.trail-de-la-biche.fr\/wp-content\/uploads\/2023\/03\/IMG_2596-3-2048x1716.jpg 2048w, https:\/\/www.trail-de-la-biche.fr\/wp-content\/uploads\/2023\/03\/IMG_2596-3-2000x1676.jpg 2000w\" sizes=\"100vw\" \/>\t\t\t\t\t\t\t\t<\/a>\n\t\t\t\t\t\t\t\t\t\t\t\t\t\t\t<\/div>\n\t\t\t\t<\/div>\n\t\t\t\t<div class=\"elementor-element elementor-element-238ca08 elementor-widget elementor-widget-counter\" data-id=\"238ca08\" data-element_type=\"widget\" data-widget_type=\"counter.default\">\n\t\t\t\t<div class=\"elementor-widget-container\">\n\t\t\t\t\t\t\t<div class=\"elementor-counter\">\n\t\t\t<div class=\"elementor-counter-title\">KM<\/div>\t\t\t<div class=\"elementor-counter-number-wrapper\">\n\t\t\t\t<span class=\"elementor-counter-number-prefix\"><\/span>\n\t\t\t\t<span class=\"elementor-counter-number\" data-duration=\"2000\" data-to-value=\"26\" data-from-value=\"0\" data-delimiter=\",\">0<\/span>\n\t\t\t\t<span class=\"elementor-counter-number-suffix\"><\/span>\n\t\t\t<\/div>\n\t\t<\/div>\n\t\t\t\t\t\t<\/div>\n\t\t\t\t<\/div>\n\t\t\t\t\t<\/div>\n\t\t<\/div>\n\t\t\t\t<div class=\"elementor-column elementor-col-33 elementor-top-column elementor-element elementor-element-8af4625\" data-id=\"8af4625\" data-element_type=\"column\">\n\t\t\t<div class=\"elementor-widget-wrap elementor-element-populated\">\n\t\t\t\t\t\t<div class=\"elementor-element elementor-element-5f714b4 elementor-widget elementor-widget-image\" data-id=\"5f714b4\" data-element_type=\"widget\" data-widget_type=\"image.default\">\n\t\t\t\t<div class=\"elementor-widget-container\">\n\t\t\t\t\t\t\t\t\t\t\t\t\t\t\t\t<a href=\"http:\/\/trail-de-la-biche.fr\/?p=112\">\n\t\t\t\t\t\t\t<img decoding=\"async\" width=\"768\" height=\"524\" src=\"https:\/\/www.trail-de-la-biche.fr\/wp-content\/uploads\/2022\/04\/cropped-IMG_4305-scaled-1-768x524.jpg\" class=\"attachment-medium_large size-medium_large wp-image-321\" alt=\"\" srcset=\"https:\/\/www.trail-de-la-biche.fr\/wp-content\/uploads\/2022\/04\/cropped-IMG_4305-scaled-1-768x524.jpg 768w, https:\/\/www.trail-de-la-biche.fr\/wp-content\/uploads\/2022\/04\/cropped-IMG_4305-scaled-1-300x205.jpg 300w, https:\/\/www.trail-de-la-biche.fr\/wp-content\/uploads\/2022\/04\/cropped-IMG_4305-scaled-1-1024x699.jpg 1024w, https:\/\/www.trail-de-la-biche.fr\/wp-content\/uploads\/2022\/04\/cropped-IMG_4305-scaled-1-1536x1048.jpg 1536w, https:\/\/www.trail-de-la-biche.fr\/wp-content\/uploads\/2022\/04\/cropped-IMG_4305-scaled-1.jpg 2000w\" sizes=\"100vw\" \/>\t\t\t\t\t\t\t\t<\/a>\n\t\t\t\t\t\t\t\t\t\t\t\t\t\t\t<\/div>\n\t\t\t\t<\/div>\n\t\t\t\t<div class=\"elementor-element elementor-element-e36d772 elementor-widget elementor-widget-counter\" data-id=\"e36d772\" data-element_type=\"widget\" data-widget_type=\"counter.default\">\n\t\t\t\t<div class=\"elementor-widget-container\">\n\t\t\t\t\t\t\t<div class=\"elementor-counter\">\n\t\t\t<div class=\"elementor-counter-title\">KM<\/div>\t\t\t<div class=\"elementor-counter-number-wrapper\">\n\t\t\t\t<span class=\"elementor-counter-number-prefix\"><\/span>\n\t\t\t\t<span class=\"elementor-counter-number\" data-duration=\"2000\" data-to-value=\"12\" data-from-value=\"0\" data-delimiter=\",\">0<\/span>\n\t\t\t\t<span class=\"elementor-counter-number-suffix\"><\/span>\n\t\t\t<\/div>\n\t\t<\/div>\n\t\t\t\t\t\t<\/div>\n\t\t\t\t<\/div>\n\t\t\t\t\t<\/div>\n\t\t<\/div>\n\t\t\t\t<div class=\"elementor-column elementor-col-33 elementor-top-column elementor-element elementor-element-39afc7c\" data-id=\"39afc7c\" data-element_type=\"column\">\n\t\t\t<div class=\"elementor-widget-wrap elementor-element-populated\">\n\t\t\t\t\t\t<div class=\"elementor-element elementor-element-4bfc3aa elementor-widget elementor-widget-image\" data-id=\"4bfc3aa\" data-element_type=\"widget\" data-widget_type=\"image.default\">\n\t\t\t\t<div class=\"elementor-widget-container\">\n\t\t\t\t\t\t\t\t\t\t\t\t\t\t\t\t<a href=\"http:\/\/trail-de-la-biche.fr\/?p=51\">\n\t\t\t\t\t\t\t<img decoding=\"async\" width=\"300\" height=\"225\" src=\"https:\/\/www.trail-de-la-biche.fr\/wp-content\/uploads\/2022\/04\/IMG_4261-2-300x225.jpg\" class=\"attachment-medium size-medium wp-image-331\" alt=\"Randonn\u00e9e p\u00e9destre de 10km au d\u00e9part de Giron\" srcset=\"https:\/\/www.trail-de-la-biche.fr\/wp-content\/uploads\/2022\/04\/IMG_4261-2-300x225.jpg 300w, https:\/\/www.trail-de-la-biche.fr\/wp-content\/uploads\/2022\/04\/IMG_4261-2-1024x768.jpg 1024w, https:\/\/www.trail-de-la-biche.fr\/wp-content\/uploads\/2022\/04\/IMG_4261-2-768x576.jpg 768w, https:\/\/www.trail-de-la-biche.fr\/wp-content\/uploads\/2022\/04\/IMG_4261-2-1536x1152.jpg 1536w, https:\/\/www.trail-de-la-biche.fr\/wp-content\/uploads\/2022\/04\/IMG_4261-2-2048x1536.jpg 2048w, https:\/\/www.trail-de-la-biche.fr\/wp-content\/uploads\/2022\/04\/IMG_4261-2-2000x1500.jpg 2000w\" sizes=\"100vw\" \/>\t\t\t\t\t\t\t\t<\/a>\n\t\t\t\t\t\t\t\t\t\t\t\t\t\t\t<\/div>\n\t\t\t\t<\/div>\n\t\t\t\t<div class=\"elementor-element elementor-element-b7b6b26 elementor-widget elementor-widget-heading\" data-id=\"b7b6b26\" data-element_type=\"widget\" data-widget_type=\"heading.default\">\n\t\t\t\t<div class=\"elementor-widget-container\">\n\t\t\t\t\t<h2 class=\"elementor-heading-title elementor-size-default\"><a href=\"http:\/\/trail-de-la-biche.fr\/?p=51\">Randonn\u00e9e gourmande<\/a><\/h2>\t\t\t\t<\/div>\n\t\t\t\t<\/div>\n\t\t\t\t\t<\/div>\n\t\t<\/div>\n\t\t\t\t\t<\/div>\n\t\t<\/section>\n\t\t\t\t<section class=\"elementor-section elementor-top-section elementor-element elementor-element-44c254d elementor-section-boxed elementor-section-height-default elementor-section-height-default\" data-id=\"44c254d\" data-element_type=\"section\">\n\t\t\t\t\t\t<div class=\"elementor-container elementor-column-gap-default\">\n\t\t\t\t\t<div class=\"elementor-column elementor-col-100 elementor-top-column elementor-element elementor-element-953b55a\" data-id=\"953b55a\" data-element_type=\"column\">\n\t\t\t<div class=\"elementor-widget-wrap elementor-element-populated\">\n\t\t\t\t\t\t<div class=\"elementor-element elementor-element-a5ce7f1 elementor-widget elementor-widget-google_maps\" data-id=\"a5ce7f1\" data-element_type=\"widget\" data-widget_type=\"google_maps.default\">\n\t\t\t\t<div class=\"elementor-widget-container\">\n\t\t\t\t\t\t\t<div class=\"elementor-custom-embed\">\n\t\t\t<iframe loading=\"lazy\"\n\t\t\t\t\tsrc=\"https:\/\/maps.google.com\/maps?q=giron&#038;t=m&#038;z=10&#038;output=embed&#038;iwloc=near\"\n\t\t\t\t\ttitle=\"giron\"\n\t\t\t\t\taria-label=\"giron\"\n\t\t\t><\/iframe>\n\t\t<\/div>\n\t\t\t\t\t\t<\/div>\n\t\t\t\t<\/div>\n\t\t\t\t\t<\/div>\n\t\t<\/div>\n\t\t\t\t\t<\/div>\n\t\t<\/section>\n\t\t\t\t<\/div>\n\t\t","protected":false},"excerpt":{"rendered":"<p>0 KM 0 KM Randonn\u00e9e gourmande<\/p>\n","protected":false},"author":1,"featured_media":0,"parent":0,"menu_order":0,"comment_status":"closed","ping_status":"closed","template":"","meta":{"footnotes":""},"class_list":["post-139","page","type-page","status-publish","hentry"],"yoast_head":"<!-- This site is optimized with the Yoast SEO plugin v25.4 - https:\/\/yoast.com\/wordpress\/plugins\/seo\/ -->\n<title>\u00c9preuves | Trail de la biche | US Giron | 06 Juillet 2025<\/title>\n<meta name=\"description\" content=\"Visitez votre r\u00e9gion de mani\u00e8re sportive et d\u00e9couvrez les \u00e9preuves du Trail de la Biche : le 26 km, le 12km (Trail du Faon) et la randonn\u00e9e gourmande !\" \/>\n<meta name=\"robots\" content=\"index, follow, max-snippet:-1, max-image-preview:large, max-video-preview:-1\" \/>\n<link rel=\"canonical\" href=\"http:\/\/www.trail-de-la-biche.fr\/?page_id=139\" \/>\n<meta property=\"og:locale\" content=\"fr_FR\" \/>\n<meta property=\"og:type\" content=\"article\" \/>\n<meta property=\"og:title\" content=\"\u00c9preuves | Trail de la biche | US Giron | 06 Juillet 2025\" \/>\n<meta property=\"og:description\" content=\"Visitez votre r\u00e9gion de mani\u00e8re sportive et d\u00e9couvrez les \u00e9preuves du Trail de la Biche : le 26 km, le 12km (Trail du Faon) et la randonn\u00e9e gourmande !\" \/>\n<meta property=\"og:url\" content=\"http:\/\/www.trail-de-la-biche.fr\/?page_id=139\" \/>\n<meta property=\"og:site_name\" content=\"Trail de la biche | US Giron | 06 Juillet 2025\" \/>\n<meta property=\"article:modified_time\" content=\"2024-07-05T07:02:25+00:00\" \/>\n<meta property=\"og:image\" content=\"http:\/\/www.trail-de-la-biche.fr\/wp-content\/uploads\/2023\/03\/IMG_2596-3-768x643.jpg\" \/>\n<meta name=\"twitter:card\" content=\"summary_large_image\" \/>\n<meta name=\"twitter:label1\" content=\"Dur\u00e9e de lecture estim\u00e9e\" \/>\n\t<meta name=\"twitter:data1\" content=\"1 minute\" \/>\n<script type=\"application\/ld+json\" class=\"yoast-schema-graph\">{\"@context\":\"https:\/\/schema.org\",\"@graph\":[{\"@type\":\"WebPage\",\"@id\":\"http:\/\/www.trail-de-la-biche.fr\/?page_id=139\",\"url\":\"http:\/\/www.trail-de-la-biche.fr\/?page_id=139\",\"name\":\"\u00c9preuves | Trail de la biche | US Giron | 06 Juillet 2025\",\"isPartOf\":{\"@id\":\"https:\/\/www.trail-de-la-biche.fr\/#website\"},\"primaryImageOfPage\":{\"@id\":\"http:\/\/www.trail-de-la-biche.fr\/?page_id=139#primaryimage\"},\"image\":{\"@id\":\"http:\/\/www.trail-de-la-biche.fr\/?page_id=139#primaryimage\"},\"thumbnailUrl\":\"http:\/\/www.trail-de-la-biche.fr\/wp-content\/uploads\/2023\/03\/IMG_2596-3-768x643.jpg\",\"datePublished\":\"2022-04-22T09:11:43+00:00\",\"dateModified\":\"2024-07-05T07:02:25+00:00\",\"description\":\"Visitez votre r\u00e9gion de mani\u00e8re sportive et d\u00e9couvrez les \u00e9preuves du Trail de la Biche : le 26 km, le 12km (Trail du Faon) et la randonn\u00e9e gourmande !\",\"breadcrumb\":{\"@id\":\"http:\/\/www.trail-de-la-biche.fr\/?page_id=139#breadcrumb\"},\"inLanguage\":\"fr-FR\",\"potentialAction\":[{\"@type\":\"ReadAction\",\"target\":[\"http:\/\/www.trail-de-la-biche.fr\/?page_id=139\"]}]},{\"@type\":\"ImageObject\",\"inLanguage\":\"fr-FR\",\"@id\":\"http:\/\/www.trail-de-la-biche.fr\/?page_id=139#primaryimage\",\"url\":\"http:\/\/www.trail-de-la-biche.fr\/wp-content\/uploads\/2023\/03\/IMG_2596-3-768x643.jpg\",\"contentUrl\":\"http:\/\/www.trail-de-la-biche.fr\/wp-content\/uploads\/2023\/03\/IMG_2596-3-768x643.jpg\"},{\"@type\":\"BreadcrumbList\",\"@id\":\"http:\/\/www.trail-de-la-biche.fr\/?page_id=139#breadcrumb\",\"itemListElement\":[{\"@type\":\"ListItem\",\"position\":1,\"name\":\"Accueil\",\"item\":\"https:\/\/www.trail-de-la-biche.fr\/\"},{\"@type\":\"ListItem\",\"position\":2,\"name\":\"\u00c9preuves\"}]},{\"@type\":\"WebSite\",\"@id\":\"https:\/\/www.trail-de-la-biche.fr\/#website\",\"url\":\"https:\/\/www.trail-de-la-biche.fr\/\",\"name\":\"Trail de la biche | US Giron | 06 Juillet 2025\",\"description\":\"Trail de la Biche - 06 Juillet 2025 \u00e0 Giron\",\"publisher\":{\"@id\":\"https:\/\/www.trail-de-la-biche.fr\/#organization\"},\"potentialAction\":[{\"@type\":\"SearchAction\",\"target\":{\"@type\":\"EntryPoint\",\"urlTemplate\":\"https:\/\/www.trail-de-la-biche.fr\/?s={search_term_string}\"},\"query-input\":{\"@type\":\"PropertyValueSpecification\",\"valueRequired\":true,\"valueName\":\"search_term_string\"}}],\"inLanguage\":\"fr-FR\"},{\"@type\":\"Organization\",\"@id\":\"https:\/\/www.trail-de-la-biche.fr\/#organization\",\"name\":\"Trail de la Biche- US GIRON\",\"url\":\"https:\/\/www.trail-de-la-biche.fr\/\",\"logo\":{\"@type\":\"ImageObject\",\"inLanguage\":\"fr-FR\",\"@id\":\"https:\/\/www.trail-de-la-biche.fr\/#\/schema\/logo\/image\/\",\"url\":\"http:\/\/www.trail-de-la-biche.fr\/wp-content\/uploads\/2022\/04\/logo-usgiron-1-e1650628252422.png\",\"contentUrl\":\"http:\/\/www.trail-de-la-biche.fr\/wp-content\/uploads\/2022\/04\/logo-usgiron-1-e1650628252422.png\",\"width\":200,\"height\":81,\"caption\":\"Trail de la Biche- US GIRON\"},\"image\":{\"@id\":\"https:\/\/www.trail-de-la-biche.fr\/#\/schema\/logo\/image\/\"}}]}<\/script>\n<!-- \/ Yoast SEO plugin. -->","yoast_head_json":{"title":"\u00c9preuves | Trail de la biche | US Giron | 06 Juillet 2025","description":"Visitez votre r\u00e9gion de mani\u00e8re sportive et d\u00e9couvrez les \u00e9preuves du Trail de la Biche : le 26 km, le 12km (Trail du Faon) et la randonn\u00e9e gourmande !","robots":{"index":"index","follow":"follow","max-snippet":"max-snippet:-1","max-image-preview":"max-image-preview:large","max-video-preview":"max-video-preview:-1"},"canonical":"http:\/\/www.trail-de-la-biche.fr\/?page_id=139","og_locale":"fr_FR","og_type":"article","og_title":"\u00c9preuves | Trail de la biche | US Giron | 06 Juillet 2025","og_description":"Visitez votre r\u00e9gion de mani\u00e8re sportive et d\u00e9couvrez les \u00e9preuves du Trail de la Biche : le 26 km, le 12km (Trail du Faon) et la randonn\u00e9e gourmande !","og_url":"http:\/\/www.trail-de-la-biche.fr\/?page_id=139","og_site_name":"Trail de la biche | US Giron | 06 Juillet 2025","article_modified_time":"2024-07-05T07:02:25+00:00","og_image":[{"url":"http:\/\/www.trail-de-la-biche.fr\/wp-content\/uploads\/2023\/03\/IMG_2596-3-768x643.jpg","type":"","width":"","height":""}],"twitter_card":"summary_large_image","twitter_misc":{"Dur\u00e9e de lecture estim\u00e9e":"1 minute"},"schema":{"@context":"https:\/\/schema.org","@graph":[{"@type":"WebPage","@id":"http:\/\/www.trail-de-la-biche.fr\/?page_id=139","url":"http:\/\/www.trail-de-la-biche.fr\/?page_id=139","name":"\u00c9preuves | Trail de la biche | US Giron | 06 Juillet 2025","isPartOf":{"@id":"https:\/\/www.trail-de-la-biche.fr\/#website"},"primaryImageOfPage":{"@id":"http:\/\/www.trail-de-la-biche.fr\/?page_id=139#primaryimage"},"image":{"@id":"http:\/\/www.trail-de-la-biche.fr\/?page_id=139#primaryimage"},"thumbnailUrl":"http:\/\/www.trail-de-la-biche.fr\/wp-content\/uploads\/2023\/03\/IMG_2596-3-768x643.jpg","datePublished":"2022-04-22T09:11:43+00:00","dateModified":"2024-07-05T07:02:25+00:00","description":"Visitez votre r\u00e9gion de mani\u00e8re sportive et d\u00e9couvrez les \u00e9preuves du Trail de la Biche : le 26 km, le 12km (Trail du Faon) et la randonn\u00e9e gourmande !","breadcrumb":{"@id":"http:\/\/www.trail-de-la-biche.fr\/?page_id=139#breadcrumb"},"inLanguage":"fr-FR","potentialAction":[{"@type":"ReadAction","target":["http:\/\/www.trail-de-la-biche.fr\/?page_id=139"]}]},{"@type":"ImageObject","inLanguage":"fr-FR","@id":"http:\/\/www.trail-de-la-biche.fr\/?page_id=139#primaryimage","url":"http:\/\/www.trail-de-la-biche.fr\/wp-content\/uploads\/2023\/03\/IMG_2596-3-768x643.jpg","contentUrl":"http:\/\/www.trail-de-la-biche.fr\/wp-content\/uploads\/2023\/03\/IMG_2596-3-768x643.jpg"},{"@type":"BreadcrumbList","@id":"http:\/\/www.trail-de-la-biche.fr\/?page_id=139#breadcrumb","itemListElement":[{"@type":"ListItem","position":1,"name":"Accueil","item":"https:\/\/www.trail-de-la-biche.fr\/"},{"@type":"ListItem","position":2,"name":"\u00c9preuves"}]},{"@type":"WebSite","@id":"https:\/\/www.trail-de-la-biche.fr\/#website","url":"https:\/\/www.trail-de-la-biche.fr\/","name":"Trail de la biche | US Giron | 06 Juillet 2025","description":"Trail de la Biche - 06 Juillet 2025 \u00e0 Giron","publisher":{"@id":"https:\/\/www.trail-de-la-biche.fr\/#organization"},"potentialAction":[{"@type":"SearchAction","target":{"@type":"EntryPoint","urlTemplate":"https:\/\/www.trail-de-la-biche.fr\/?s={search_term_string}"},"query-input":{"@type":"PropertyValueSpecification","valueRequired":true,"valueName":"search_term_string"}}],"inLanguage":"fr-FR"},{"@type":"Organization","@id":"https:\/\/www.trail-de-la-biche.fr\/#organization","name":"Trail de la Biche- US GIRON","url":"https:\/\/www.trail-de-la-biche.fr\/","logo":{"@type":"ImageObject","inLanguage":"fr-FR","@id":"https:\/\/www.trail-de-la-biche.fr\/#\/schema\/logo\/image\/","url":"http:\/\/www.trail-de-la-biche.fr\/wp-content\/uploads\/2022\/04\/logo-usgiron-1-e1650628252422.png","contentUrl":"http:\/\/www.trail-de-la-biche.fr\/wp-content\/uploads\/2022\/04\/logo-usgiron-1-e1650628252422.png","width":200,"height":81,"caption":"Trail de la Biche- US GIRON"},"image":{"@id":"https:\/\/www.trail-de-la-biche.fr\/#\/schema\/logo\/image\/"}}]}},"_links":{"self":[{"href":"https:\/\/www.trail-de-la-biche.fr\/index.php?rest_route=\/wp\/v2\/pages\/139","targetHints":{"allow":["GET"]}}],"collection":[{"href":"https:\/\/www.trail-de-la-biche.fr\/index.php?rest_route=\/wp\/v2\/pages"}],"about":[{"href":"https:\/\/www.trail-de-la-biche.fr\/index.php?rest_route=\/wp\/v2\/types\/page"}],"author":[{"embeddable":true,"href":"https:\/\/www.trail-de-la-biche.fr\/index.php?rest_route=\/wp\/v2\/users\/1"}],"replies":[{"embeddable":true,"href":"https:\/\/www.trail-de-la-biche.fr\/index.php?rest_route=%2Fwp%2Fv2%2Fcomments&post=139"}],"version-history":[{"count":71,"href":"https:\/\/www.trail-de-la-biche.fr\/index.php?rest_route=\/wp\/v2\/pages\/139\/revisions"}],"predecessor-version":[{"id":890,"href":"https:\/\/www.trail-de-la-biche.fr\/index.php?rest_route=\/wp\/v2\/pages\/139\/revisions\/890"}],"wp:attachment":[{"href":"https:\/\/www.trail-de-la-biche.fr\/index.php?rest_route=%2Fwp%2Fv2%2Fmedia&parent=139"}],"curies":[{"name":"wp","href":"https:\/\/api.w.org\/{rel}","templated":true}]}}